{"id":15604,"date":"2023-06-06T11:14:09","date_gmt":"2023-06-06T09:14:09","guid":{"rendered":"https:\/\/contro.it\/prodotto\/cage-de-transport-en-plastique\/"},"modified":"2023-06-06T11:14:09","modified_gmt":"2023-06-06T09:14:09","slug":"cage-de-transport-en-plastique","status":"publish","type":"product","link":"https:\/\/contro.it\/fr\/prodotto\/cage-de-transport-en-plastique\/","title":{"rendered":"Cage de transport en plastique"},"content":{"rendered":"","protected":false},"excerpt":{"rendered":"<p>Cage de transport en plastique pour chats et petits chiens<\/p>\n","protected":false},"featured_media":14618,"comment_status":"open","ping_status":"closed","template":"","meta":{"_acf_changed":false,"inline_featured_image":false},"product_brand":[],"product_cat":[257,215],"product_tag":[],"zone":[],"class_list":{"0":"post-15604","1":"product","2":"type-product","3":"status-publish","4":"has-post-thumbnail","6":"product_cat-animaux-de-compagnie","7":"product_cat-niches-transporteurs-et-cages-pour-animaux-de-compagnie","9":"first","10":"instock","11":"shipping-taxable","12":"product-type-simple"},"acf":[],"yoast_head":"<!-- This site is optimized with the Yoast SEO plugin v27.3 - https:\/\/yoast.com\/product\/yoast-seo-wordpress\/ -->\n<title>Cage de transport en plastique pour chats et petits chiens - Produit Contre Fr\u00e8res<\/title>\n<meta name=\"description\" content=\"Cage de transport en plastique pour chats et petits chiens. Transport s\u00fbr et confortable. D\u00e9couvrez le produit fabriqu\u00e9 en Italie par Contro Fratelli.\" \/>\n<meta name=\"robots\" content=\"index, follow, max-snippet:-1, max-image-preview:large, max-video-preview:-1\" \/>\n<link rel=\"canonical\" href=\"https:\/\/contro.it\/fr\/prodotto\/cage-de-transport-en-plastique\/\" \/>\n<meta property=\"og:locale\" content=\"fr_FR\" \/>\n<meta property=\"og:type\" content=\"article\" \/>\n<meta property=\"og:title\" content=\"Cage de transport en plastique pour chats et petits chiens - Produit Contre Fr\u00e8res\" \/>\n<meta property=\"og:description\" content=\"Cage de transport en plastique pour chats et petits chiens. Transport s\u00fbr et confortable. D\u00e9couvrez le produit fabriqu\u00e9 en Italie par Contro Fratelli.\" \/>\n<meta property=\"og:url\" content=\"https:\/\/contro.it\/fr\/prodotto\/cage-de-transport-en-plastique\/\" \/>\n<meta property=\"og:site_name\" content=\"Contro Fratelli srl\" \/>\n<meta property=\"article:publisher\" content=\"https:\/\/www.facebook.com\/controfratellisrl\" \/>\n<meta property=\"og:image\" content=\"https:\/\/contro.it\/wp-content\/uploads\/2023\/10\/Trasportino-in-plastica-5079.01.jpg\" \/>\n\t<meta property=\"og:image:width\" content=\"1200\" \/>\n\t<meta property=\"og:image:height\" content=\"1200\" \/>\n\t<meta property=\"og:image:type\" content=\"image\/jpeg\" \/>\n<meta name=\"twitter:card\" content=\"summary_large_image\" \/>\n<script type=\"application\/ld+json\" class=\"yoast-schema-graph\">{\"@context\":\"https:\\\/\\\/schema.org\",\"@graph\":[{\"@type\":\"WebPage\",\"@id\":\"https:\\\/\\\/contro.it\\\/fr\\\/prodotto\\\/cage-de-transport-en-plastique\\\/\",\"url\":\"https:\\\/\\\/contro.it\\\/fr\\\/prodotto\\\/cage-de-transport-en-plastique\\\/\",\"name\":\"Cage de transport en plastique pour chats et petits chiens - Produit Contre Fr\u00e8res\",\"isPartOf\":{\"@id\":\"https:\\\/\\\/contro.it\\\/fr\\\/#website\"},\"primaryImageOfPage\":{\"@id\":\"https:\\\/\\\/contro.it\\\/fr\\\/prodotto\\\/cage-de-transport-en-plastique\\\/#primaryimage\"},\"image\":{\"@id\":\"https:\\\/\\\/contro.it\\\/fr\\\/prodotto\\\/cage-de-transport-en-plastique\\\/#primaryimage\"},\"thumbnailUrl\":\"https:\\\/\\\/contro.it\\\/wp-content\\\/uploads\\\/2023\\\/10\\\/Trasportino-in-plastica-5079.01.jpg\",\"datePublished\":\"2023-06-06T09:14:09+00:00\",\"description\":\"Cage de transport en plastique pour chats et petits chiens. Transport s\u00fbr et confortable. D\u00e9couvrez le produit fabriqu\u00e9 en Italie par Contro Fratelli.\",\"breadcrumb\":{\"@id\":\"https:\\\/\\\/contro.it\\\/fr\\\/prodotto\\\/cage-de-transport-en-plastique\\\/#breadcrumb\"},\"inLanguage\":\"fr-FR\",\"potentialAction\":[{\"@type\":\"ReadAction\",\"target\":[\"https:\\\/\\\/contro.it\\\/fr\\\/prodotto\\\/cage-de-transport-en-plastique\\\/\"]}]},{\"@type\":\"ImageObject\",\"inLanguage\":\"fr-FR\",\"@id\":\"https:\\\/\\\/contro.it\\\/fr\\\/prodotto\\\/cage-de-transport-en-plastique\\\/#primaryimage\",\"url\":\"https:\\\/\\\/contro.it\\\/wp-content\\\/uploads\\\/2023\\\/10\\\/Trasportino-in-plastica-5079.01.jpg\",\"contentUrl\":\"https:\\\/\\\/contro.it\\\/wp-content\\\/uploads\\\/2023\\\/10\\\/Trasportino-in-plastica-5079.01.jpg\",\"width\":1200,\"height\":1200,\"caption\":\"Cage de transport en plastique - 5079.01\"},{\"@type\":\"BreadcrumbList\",\"@id\":\"https:\\\/\\\/contro.it\\\/fr\\\/prodotto\\\/cage-de-transport-en-plastique\\\/#breadcrumb\",\"itemListElement\":[{\"@type\":\"ListItem\",\"position\":1,\"name\":\"Home\",\"item\":\"https:\\\/\\\/contro.it\\\/fr\\\/\"},{\"@type\":\"ListItem\",\"position\":2,\"name\":\"Produits\",\"item\":\"https:\\\/\\\/contro.it\\\/fr\\\/shop\\\/\"},{\"@type\":\"ListItem\",\"position\":3,\"name\":\"Cage de transport en plastique\"}]},{\"@type\":\"WebSite\",\"@id\":\"https:\\\/\\\/contro.it\\\/fr\\\/#website\",\"url\":\"https:\\\/\\\/contro.it\\\/fr\\\/\",\"name\":\"Contro Fratelli srl\",\"description\":\"Prodotti per l' allevamento avicolo, cunicolo e animali da compagnia\",\"publisher\":{\"@id\":\"https:\\\/\\\/contro.it\\\/fr\\\/#organization\"},\"potentialAction\":[{\"@type\":\"SearchAction\",\"target\":{\"@type\":\"EntryPoint\",\"urlTemplate\":\"https:\\\/\\\/contro.it\\\/fr\\\/?s={search_term_string}\"},\"query-input\":{\"@type\":\"PropertyValueSpecification\",\"valueRequired\":true,\"valueName\":\"search_term_string\"}}],\"inLanguage\":\"fr-FR\"},{\"@type\":\"Organization\",\"@id\":\"https:\\\/\\\/contro.it\\\/fr\\\/#organization\",\"name\":\"Contro Fratelli srl\",\"url\":\"https:\\\/\\\/contro.it\\\/fr\\\/\",\"logo\":{\"@type\":\"ImageObject\",\"inLanguage\":\"fr-FR\",\"@id\":\"https:\\\/\\\/contro.it\\\/fr\\\/#\\\/schema\\\/logo\\\/image\\\/\",\"url\":\"https:\\\/\\\/contro.it\\\/wp-content\\\/uploads\\\/2019\\\/02\\\/Logo-Contro-Fratelli.png\",\"contentUrl\":\"https:\\\/\\\/contro.it\\\/wp-content\\\/uploads\\\/2019\\\/02\\\/Logo-Contro-Fratelli.png\",\"width\":281,\"height\":49,\"caption\":\"Contro Fratelli srl\"},\"image\":{\"@id\":\"https:\\\/\\\/contro.it\\\/fr\\\/#\\\/schema\\\/logo\\\/image\\\/\"},\"sameAs\":[\"https:\\\/\\\/www.facebook.com\\\/controfratellisrl\",\"https:\\\/\\\/www.linkedin.com\\\/company\\\/contro-fratelli-s.r.l.\\\/about\\\/\"]}]}<\/script>\n<!-- \/ Yoast SEO plugin. -->","yoast_head_json":{"title":"Cage de transport en plastique pour chats et petits chiens - Produit Contre Fr\u00e8res","description":"Cage de transport en plastique pour chats et petits chiens. Transport s\u00fbr et confortable. D\u00e9couvrez le produit fabriqu\u00e9 en Italie par Contro Fratelli.","robots":{"index":"index","follow":"follow","max-snippet":"max-snippet:-1","max-image-preview":"max-image-preview:large","max-video-preview":"max-video-preview:-1"},"canonical":"https:\/\/contro.it\/fr\/prodotto\/cage-de-transport-en-plastique\/","og_locale":"fr_FR","og_type":"article","og_title":"Cage de transport en plastique pour chats et petits chiens - Produit Contre Fr\u00e8res","og_description":"Cage de transport en plastique pour chats et petits chiens. Transport s\u00fbr et confortable. D\u00e9couvrez le produit fabriqu\u00e9 en Italie par Contro Fratelli.","og_url":"https:\/\/contro.it\/fr\/prodotto\/cage-de-transport-en-plastique\/","og_site_name":"Contro Fratelli srl","article_publisher":"https:\/\/www.facebook.com\/controfratellisrl","og_image":[{"width":1200,"height":1200,"url":"https:\/\/contro.it\/wp-content\/uploads\/2023\/10\/Trasportino-in-plastica-5079.01.jpg","type":"image\/jpeg"}],"twitter_card":"summary_large_image","schema":{"@context":"https:\/\/schema.org","@graph":[{"@type":"WebPage","@id":"https:\/\/contro.it\/fr\/prodotto\/cage-de-transport-en-plastique\/","url":"https:\/\/contro.it\/fr\/prodotto\/cage-de-transport-en-plastique\/","name":"Cage de transport en plastique pour chats et petits chiens - Produit Contre Fr\u00e8res","isPartOf":{"@id":"https:\/\/contro.it\/fr\/#website"},"primaryImageOfPage":{"@id":"https:\/\/contro.it\/fr\/prodotto\/cage-de-transport-en-plastique\/#primaryimage"},"image":{"@id":"https:\/\/contro.it\/fr\/prodotto\/cage-de-transport-en-plastique\/#primaryimage"},"thumbnailUrl":"https:\/\/contro.it\/wp-content\/uploads\/2023\/10\/Trasportino-in-plastica-5079.01.jpg","datePublished":"2023-06-06T09:14:09+00:00","description":"Cage de transport en plastique pour chats et petits chiens. Transport s\u00fbr et confortable. D\u00e9couvrez le produit fabriqu\u00e9 en Italie par Contro Fratelli.","breadcrumb":{"@id":"https:\/\/contro.it\/fr\/prodotto\/cage-de-transport-en-plastique\/#breadcrumb"},"inLanguage":"fr-FR","potentialAction":[{"@type":"ReadAction","target":["https:\/\/contro.it\/fr\/prodotto\/cage-de-transport-en-plastique\/"]}]},{"@type":"ImageObject","inLanguage":"fr-FR","@id":"https:\/\/contro.it\/fr\/prodotto\/cage-de-transport-en-plastique\/#primaryimage","url":"https:\/\/contro.it\/wp-content\/uploads\/2023\/10\/Trasportino-in-plastica-5079.01.jpg","contentUrl":"https:\/\/contro.it\/wp-content\/uploads\/2023\/10\/Trasportino-in-plastica-5079.01.jpg","width":1200,"height":1200,"caption":"Cage de transport en plastique - 5079.01"},{"@type":"BreadcrumbList","@id":"https:\/\/contro.it\/fr\/prodotto\/cage-de-transport-en-plastique\/#breadcrumb","itemListElement":[{"@type":"ListItem","position":1,"name":"Home","item":"https:\/\/contro.it\/fr\/"},{"@type":"ListItem","position":2,"name":"Produits","item":"https:\/\/contro.it\/fr\/shop\/"},{"@type":"ListItem","position":3,"name":"Cage de transport en plastique"}]},{"@type":"WebSite","@id":"https:\/\/contro.it\/fr\/#website","url":"https:\/\/contro.it\/fr\/","name":"Contro Fratelli srl","description":"Prodotti per l' allevamento avicolo, cunicolo e animali da compagnia","publisher":{"@id":"https:\/\/contro.it\/fr\/#organization"},"potentialAction":[{"@type":"SearchAction","target":{"@type":"EntryPoint","urlTemplate":"https:\/\/contro.it\/fr\/?s={search_term_string}"},"query-input":{"@type":"PropertyValueSpecification","valueRequired":true,"valueName":"search_term_string"}}],"inLanguage":"fr-FR"},{"@type":"Organization","@id":"https:\/\/contro.it\/fr\/#organization","name":"Contro Fratelli srl","url":"https:\/\/contro.it\/fr\/","logo":{"@type":"ImageObject","inLanguage":"fr-FR","@id":"https:\/\/contro.it\/fr\/#\/schema\/logo\/image\/","url":"https:\/\/contro.it\/wp-content\/uploads\/2019\/02\/Logo-Contro-Fratelli.png","contentUrl":"https:\/\/contro.it\/wp-content\/uploads\/2019\/02\/Logo-Contro-Fratelli.png","width":281,"height":49,"caption":"Contro Fratelli srl"},"image":{"@id":"https:\/\/contro.it\/fr\/#\/schema\/logo\/image\/"},"sameAs":["https:\/\/www.facebook.com\/controfratellisrl","https:\/\/www.linkedin.com\/company\/contro-fratelli-s.r.l.\/about\/"]}]}},"_links":{"self":[{"href":"https:\/\/contro.it\/fr\/wp-json\/wp\/v2\/product\/15604","targetHints":{"allow":["GET"]}}],"collection":[{"href":"https:\/\/contro.it\/fr\/wp-json\/wp\/v2\/product"}],"about":[{"href":"https:\/\/contro.it\/fr\/wp-json\/wp\/v2\/types\/product"}],"replies":[{"embeddable":true,"href":"https:\/\/contro.it\/fr\/wp-json\/wp\/v2\/comments?post=15604"}],"wp:featuredmedia":[{"embeddable":true,"href":"https:\/\/contro.it\/fr\/wp-json\/wp\/v2\/media\/14618"}],"wp:attachment":[{"href":"https:\/\/contro.it\/fr\/wp-json\/wp\/v2\/media?parent=15604"}],"wp:term":[{"taxonomy":"product_brand","embeddable":true,"href":"https:\/\/contro.it\/fr\/wp-json\/wp\/v2\/product_brand?post=15604"},{"taxonomy":"product_cat","embeddable":true,"href":"https:\/\/contro.it\/fr\/wp-json\/wp\/v2\/product_cat?post=15604"},{"taxonomy":"product_tag","embeddable":true,"href":"https:\/\/contro.it\/fr\/wp-json\/wp\/v2\/product_tag?post=15604"},{"taxonomy":"zone","embeddable":true,"href":"https:\/\/contro.it\/fr\/wp-json\/wp\/v2\/zone?post=15604"}],"curies":[{"name":"wp","href":"https:\/\/api.w.org\/{rel}","templated":true}]}}