{"id":15485,"date":"2023-06-06T11:13:38","date_gmt":"2023-06-06T09:13:38","guid":{"rendered":"https:\/\/contro.it\/prodotto\/armoire-a-5-niveaux\/"},"modified":"2023-11-30T15:29:11","modified_gmt":"2023-11-30T14:29:11","slug":"armoire-a-5-niveaux","status":"publish","type":"product","link":"https:\/\/contro.it\/fr\/prodotto\/armoire-a-5-niveaux\/","title":{"rendered":"Armoire \u00e0 5 niveaux"},"content":{"rendered":"","protected":false},"excerpt":{"rendered":"<p>Armoire pour cages \u00e0 5 niveaux avec bacs, adapt\u00e9e pour 20 cages de grives.<\/p>\n","protected":false},"featured_media":14273,"comment_status":"open","ping_status":"closed","template":"","meta":{"_acf_changed":false,"inline_featured_image":false},"product_brand":[],"product_cat":[247,250],"product_tag":[],"zone":[],"class_list":{"0":"post-15485","1":"product","2":"type-product","3":"status-publish","4":"has-post-thumbnail","6":"product_cat-cages-dornithologie","7":"product_cat-equipement-pour-lornithologie","9":"first","10":"instock","11":"shipping-taxable","12":"product-type-simple"},"acf":[],"yoast_head":"<!-- This site is optimized with the Yoast SEO plugin v27.3 - https:\/\/yoast.com\/product\/yoast-seo-wordpress\/ -->\n<title>Armoire 5 \u00c9tages pour Cages de Grive - Fabriqu\u00e9 en Italie<\/title>\n<meta name=\"description\" content=\"Armoire pour cages \u00e0 5 niveaux avec bacs, adapt\u00e9e pour 20 cages de grives. Organisation maximale. Produit made in Italy Contro Fratelli.\" \/>\n<meta name=\"robots\" content=\"index, follow, max-snippet:-1, max-image-preview:large, max-video-preview:-1\" \/>\n<link rel=\"canonical\" href=\"https:\/\/contro.it\/fr\/prodotto\/armoire-a-5-niveaux\/\" \/>\n<meta property=\"og:locale\" content=\"fr_FR\" \/>\n<meta property=\"og:type\" content=\"article\" \/>\n<meta property=\"og:title\" content=\"Armoire 5 \u00c9tages pour Cages de Grive - Fabriqu\u00e9 en Italie\" \/>\n<meta property=\"og:description\" content=\"Armoire pour cages \u00e0 5 niveaux avec bacs, adapt\u00e9e pour 20 cages de grives. Organisation maximale. Produit made in Italy Contro Fratelli.\" \/>\n<meta property=\"og:url\" content=\"https:\/\/contro.it\/fr\/prodotto\/armoire-a-5-niveaux\/\" \/>\n<meta property=\"og:site_name\" content=\"Contro Fratelli srl\" \/>\n<meta property=\"article:publisher\" content=\"https:\/\/www.facebook.com\/controfratellisrl\" \/>\n<meta property=\"article:modified_time\" content=\"2023-11-30T14:29:11+00:00\" \/>\n<meta property=\"og:image\" content=\"https:\/\/contro.it\/wp-content\/uploads\/2023\/10\/Armadietto-5-piani-9022.jpg\" \/>\n\t<meta property=\"og:image:width\" content=\"1200\" \/>\n\t<meta property=\"og:image:height\" content=\"1200\" \/>\n\t<meta property=\"og:image:type\" content=\"image\/jpeg\" \/>\n<meta name=\"twitter:card\" content=\"summary_large_image\" \/>\n<script type=\"application\/ld+json\" class=\"yoast-schema-graph\">{\"@context\":\"https:\\\/\\\/schema.org\",\"@graph\":[{\"@type\":\"WebPage\",\"@id\":\"https:\\\/\\\/contro.it\\\/fr\\\/prodotto\\\/armoire-a-5-niveaux\\\/\",\"url\":\"https:\\\/\\\/contro.it\\\/fr\\\/prodotto\\\/armoire-a-5-niveaux\\\/\",\"name\":\"Armoire 5 \u00c9tages pour Cages de Grive - Fabriqu\u00e9 en Italie\",\"isPartOf\":{\"@id\":\"https:\\\/\\\/contro.it\\\/fr\\\/#website\"},\"primaryImageOfPage\":{\"@id\":\"https:\\\/\\\/contro.it\\\/fr\\\/prodotto\\\/armoire-a-5-niveaux\\\/#primaryimage\"},\"image\":{\"@id\":\"https:\\\/\\\/contro.it\\\/fr\\\/prodotto\\\/armoire-a-5-niveaux\\\/#primaryimage\"},\"thumbnailUrl\":\"https:\\\/\\\/contro.it\\\/wp-content\\\/uploads\\\/2023\\\/10\\\/Armadietto-5-piani-9022.jpg\",\"datePublished\":\"2023-06-06T09:13:38+00:00\",\"dateModified\":\"2023-11-30T14:29:11+00:00\",\"description\":\"Armoire pour cages \u00e0 5 niveaux avec bacs, adapt\u00e9e pour 20 cages de grives. Organisation maximale. Produit made in Italy Contro Fratelli.\",\"breadcrumb\":{\"@id\":\"https:\\\/\\\/contro.it\\\/fr\\\/prodotto\\\/armoire-a-5-niveaux\\\/#breadcrumb\"},\"inLanguage\":\"fr-FR\",\"potentialAction\":[{\"@type\":\"ReadAction\",\"target\":[\"https:\\\/\\\/contro.it\\\/fr\\\/prodotto\\\/armoire-a-5-niveaux\\\/\"]}]},{\"@type\":\"ImageObject\",\"inLanguage\":\"fr-FR\",\"@id\":\"https:\\\/\\\/contro.it\\\/fr\\\/prodotto\\\/armoire-a-5-niveaux\\\/#primaryimage\",\"url\":\"https:\\\/\\\/contro.it\\\/wp-content\\\/uploads\\\/2023\\\/10\\\/Armadietto-5-piani-9022.jpg\",\"contentUrl\":\"https:\\\/\\\/contro.it\\\/wp-content\\\/uploads\\\/2023\\\/10\\\/Armadietto-5-piani-9022.jpg\",\"width\":1200,\"height\":1200,\"caption\":\"Armoire \u00e0 5 niveaux\"},{\"@type\":\"BreadcrumbList\",\"@id\":\"https:\\\/\\\/contro.it\\\/fr\\\/prodotto\\\/armoire-a-5-niveaux\\\/#breadcrumb\",\"itemListElement\":[{\"@type\":\"ListItem\",\"position\":1,\"name\":\"Home\",\"item\":\"https:\\\/\\\/contro.it\\\/fr\\\/\"},{\"@type\":\"ListItem\",\"position\":2,\"name\":\"Produits\",\"item\":\"https:\\\/\\\/contro.it\\\/fr\\\/shop\\\/\"},{\"@type\":\"ListItem\",\"position\":3,\"name\":\"Armoire \u00e0 5 niveaux\"}]},{\"@type\":\"WebSite\",\"@id\":\"https:\\\/\\\/contro.it\\\/fr\\\/#website\",\"url\":\"https:\\\/\\\/contro.it\\\/fr\\\/\",\"name\":\"Contro Fratelli srl\",\"description\":\"Prodotti per l' allevamento avicolo, cunicolo e animali da compagnia\",\"publisher\":{\"@id\":\"https:\\\/\\\/contro.it\\\/fr\\\/#organization\"},\"potentialAction\":[{\"@type\":\"SearchAction\",\"target\":{\"@type\":\"EntryPoint\",\"urlTemplate\":\"https:\\\/\\\/contro.it\\\/fr\\\/?s={search_term_string}\"},\"query-input\":{\"@type\":\"PropertyValueSpecification\",\"valueRequired\":true,\"valueName\":\"search_term_string\"}}],\"inLanguage\":\"fr-FR\"},{\"@type\":\"Organization\",\"@id\":\"https:\\\/\\\/contro.it\\\/fr\\\/#organization\",\"name\":\"Contro Fratelli srl\",\"url\":\"https:\\\/\\\/contro.it\\\/fr\\\/\",\"logo\":{\"@type\":\"ImageObject\",\"inLanguage\":\"fr-FR\",\"@id\":\"https:\\\/\\\/contro.it\\\/fr\\\/#\\\/schema\\\/logo\\\/image\\\/\",\"url\":\"https:\\\/\\\/contro.it\\\/wp-content\\\/uploads\\\/2019\\\/02\\\/Logo-Contro-Fratelli.png\",\"contentUrl\":\"https:\\\/\\\/contro.it\\\/wp-content\\\/uploads\\\/2019\\\/02\\\/Logo-Contro-Fratelli.png\",\"width\":281,\"height\":49,\"caption\":\"Contro Fratelli srl\"},\"image\":{\"@id\":\"https:\\\/\\\/contro.it\\\/fr\\\/#\\\/schema\\\/logo\\\/image\\\/\"},\"sameAs\":[\"https:\\\/\\\/www.facebook.com\\\/controfratellisrl\",\"https:\\\/\\\/www.linkedin.com\\\/company\\\/contro-fratelli-s.r.l.\\\/about\\\/\"]}]}<\/script>\n<!-- \/ Yoast SEO plugin. -->","yoast_head_json":{"title":"Armoire 5 \u00c9tages pour Cages de Grive - Fabriqu\u00e9 en Italie","description":"Armoire pour cages \u00e0 5 niveaux avec bacs, adapt\u00e9e pour 20 cages de grives. Organisation maximale. Produit made in Italy Contro Fratelli.","robots":{"index":"index","follow":"follow","max-snippet":"max-snippet:-1","max-image-preview":"max-image-preview:large","max-video-preview":"max-video-preview:-1"},"canonical":"https:\/\/contro.it\/fr\/prodotto\/armoire-a-5-niveaux\/","og_locale":"fr_FR","og_type":"article","og_title":"Armoire 5 \u00c9tages pour Cages de Grive - Fabriqu\u00e9 en Italie","og_description":"Armoire pour cages \u00e0 5 niveaux avec bacs, adapt\u00e9e pour 20 cages de grives. Organisation maximale. Produit made in Italy Contro Fratelli.","og_url":"https:\/\/contro.it\/fr\/prodotto\/armoire-a-5-niveaux\/","og_site_name":"Contro Fratelli srl","article_publisher":"https:\/\/www.facebook.com\/controfratellisrl","article_modified_time":"2023-11-30T14:29:11+00:00","og_image":[{"width":1200,"height":1200,"url":"https:\/\/contro.it\/wp-content\/uploads\/2023\/10\/Armadietto-5-piani-9022.jpg","type":"image\/jpeg"}],"twitter_card":"summary_large_image","schema":{"@context":"https:\/\/schema.org","@graph":[{"@type":"WebPage","@id":"https:\/\/contro.it\/fr\/prodotto\/armoire-a-5-niveaux\/","url":"https:\/\/contro.it\/fr\/prodotto\/armoire-a-5-niveaux\/","name":"Armoire 5 \u00c9tages pour Cages de Grive - Fabriqu\u00e9 en Italie","isPartOf":{"@id":"https:\/\/contro.it\/fr\/#website"},"primaryImageOfPage":{"@id":"https:\/\/contro.it\/fr\/prodotto\/armoire-a-5-niveaux\/#primaryimage"},"image":{"@id":"https:\/\/contro.it\/fr\/prodotto\/armoire-a-5-niveaux\/#primaryimage"},"thumbnailUrl":"https:\/\/contro.it\/wp-content\/uploads\/2023\/10\/Armadietto-5-piani-9022.jpg","datePublished":"2023-06-06T09:13:38+00:00","dateModified":"2023-11-30T14:29:11+00:00","description":"Armoire pour cages \u00e0 5 niveaux avec bacs, adapt\u00e9e pour 20 cages de grives. Organisation maximale. Produit made in Italy Contro Fratelli.","breadcrumb":{"@id":"https:\/\/contro.it\/fr\/prodotto\/armoire-a-5-niveaux\/#breadcrumb"},"inLanguage":"fr-FR","potentialAction":[{"@type":"ReadAction","target":["https:\/\/contro.it\/fr\/prodotto\/armoire-a-5-niveaux\/"]}]},{"@type":"ImageObject","inLanguage":"fr-FR","@id":"https:\/\/contro.it\/fr\/prodotto\/armoire-a-5-niveaux\/#primaryimage","url":"https:\/\/contro.it\/wp-content\/uploads\/2023\/10\/Armadietto-5-piani-9022.jpg","contentUrl":"https:\/\/contro.it\/wp-content\/uploads\/2023\/10\/Armadietto-5-piani-9022.jpg","width":1200,"height":1200,"caption":"Armoire \u00e0 5 niveaux"},{"@type":"BreadcrumbList","@id":"https:\/\/contro.it\/fr\/prodotto\/armoire-a-5-niveaux\/#breadcrumb","itemListElement":[{"@type":"ListItem","position":1,"name":"Home","item":"https:\/\/contro.it\/fr\/"},{"@type":"ListItem","position":2,"name":"Produits","item":"https:\/\/contro.it\/fr\/shop\/"},{"@type":"ListItem","position":3,"name":"Armoire \u00e0 5 niveaux"}]},{"@type":"WebSite","@id":"https:\/\/contro.it\/fr\/#website","url":"https:\/\/contro.it\/fr\/","name":"Contro Fratelli srl","description":"Prodotti per l' allevamento avicolo, cunicolo e animali da compagnia","publisher":{"@id":"https:\/\/contro.it\/fr\/#organization"},"potentialAction":[{"@type":"SearchAction","target":{"@type":"EntryPoint","urlTemplate":"https:\/\/contro.it\/fr\/?s={search_term_string}"},"query-input":{"@type":"PropertyValueSpecification","valueRequired":true,"valueName":"search_term_string"}}],"inLanguage":"fr-FR"},{"@type":"Organization","@id":"https:\/\/contro.it\/fr\/#organization","name":"Contro Fratelli srl","url":"https:\/\/contro.it\/fr\/","logo":{"@type":"ImageObject","inLanguage":"fr-FR","@id":"https:\/\/contro.it\/fr\/#\/schema\/logo\/image\/","url":"https:\/\/contro.it\/wp-content\/uploads\/2019\/02\/Logo-Contro-Fratelli.png","contentUrl":"https:\/\/contro.it\/wp-content\/uploads\/2019\/02\/Logo-Contro-Fratelli.png","width":281,"height":49,"caption":"Contro Fratelli srl"},"image":{"@id":"https:\/\/contro.it\/fr\/#\/schema\/logo\/image\/"},"sameAs":["https:\/\/www.facebook.com\/controfratellisrl","https:\/\/www.linkedin.com\/company\/contro-fratelli-s.r.l.\/about\/"]}]}},"_links":{"self":[{"href":"https:\/\/contro.it\/fr\/wp-json\/wp\/v2\/product\/15485","targetHints":{"allow":["GET"]}}],"collection":[{"href":"https:\/\/contro.it\/fr\/wp-json\/wp\/v2\/product"}],"about":[{"href":"https:\/\/contro.it\/fr\/wp-json\/wp\/v2\/types\/product"}],"replies":[{"embeddable":true,"href":"https:\/\/contro.it\/fr\/wp-json\/wp\/v2\/comments?post=15485"}],"wp:featuredmedia":[{"embeddable":true,"href":"https:\/\/contro.it\/fr\/wp-json\/wp\/v2\/media\/14273"}],"wp:attachment":[{"href":"https:\/\/contro.it\/fr\/wp-json\/wp\/v2\/media?parent=15485"}],"wp:term":[{"taxonomy":"product_brand","embeddable":true,"href":"https:\/\/contro.it\/fr\/wp-json\/wp\/v2\/product_brand?post=15485"},{"taxonomy":"product_cat","embeddable":true,"href":"https:\/\/contro.it\/fr\/wp-json\/wp\/v2\/product_cat?post=15485"},{"taxonomy":"product_tag","embeddable":true,"href":"https:\/\/contro.it\/fr\/wp-json\/wp\/v2\/product_tag?post=15485"},{"taxonomy":"zone","embeddable":true,"href":"https:\/\/contro.it\/fr\/wp-json\/wp\/v2\/zone?post=15485"}],"curies":[{"name":"wp","href":"https:\/\/api.w.org\/{rel}","templated":true}]}}