{"id":15429,"date":"2023-06-06T11:13:26","date_gmt":"2023-06-06T09:13:26","guid":{"rendered":"https:\/\/contro.it\/prodotto\/cage-delevage-et-dengraissement\/"},"modified":"2023-06-06T11:13:26","modified_gmt":"2023-06-06T09:13:26","slug":"cage-d-elevage-et-d-engraissement-2","status":"publish","type":"product","link":"https:\/\/contro.it\/fr\/prodotto\/cage-d-elevage-et-d-engraissement-2\/","title":{"rendered":"Cage d&rsquo;\u00e9levage et d&rsquo;engraissement"},"content":{"rendered":"","protected":false},"excerpt":{"rendered":"<p>Cage \u00e0 lapins reproduction et engraissement avec 3 cases maternit\u00e9, 2 cage engraissemntsuperpos\u00e9es 8 cases chacune, avec fond en grillage<\/p>\n","protected":false},"featured_media":14099,"comment_status":"open","ping_status":"closed","template":"","meta":{"_acf_changed":false,"inline_featured_image":false},"product_brand":[],"product_cat":[230,224],"product_tag":[],"zone":[],"class_list":{"0":"post-15429","1":"product","2":"type-product","3":"status-publish","4":"has-post-thumbnail","6":"product_cat-cages-et-clapier-pour-lapins","7":"product_cat-equipement-pour-la-cuniculture","9":"first","10":"instock","11":"shipping-taxable","12":"product-type-simple"},"acf":[],"yoast_head":"<!-- This site is optimized with the Yoast SEO plugin v27.3 - https:\/\/yoast.com\/product\/yoast-seo-wordpress\/ -->\n<title>Cage pour Reproduction et Engraissement avec Paniers - Contro Fratelli<\/title>\n<meta name=\"description\" content=\"Cage pour reproduction et engraissement avec 1 panier pour 3 reproductrices et 2 paniers \u00e0 8 compartiments pour l&#039;engraissement. Gestion optimale des animaux. Produit made in Italy Contro Fratelli.\" \/>\n<meta name=\"robots\" content=\"index, follow, max-snippet:-1, max-image-preview:large, max-video-preview:-1\" \/>\n<link rel=\"canonical\" href=\"https:\/\/contro.it\/fr\/prodotto\/cage-d-elevage-et-d-engraissement-2\/\" \/>\n<meta property=\"og:locale\" content=\"fr_FR\" \/>\n<meta property=\"og:type\" content=\"article\" \/>\n<meta property=\"og:title\" content=\"Cage pour Reproduction et Engraissement avec Paniers - Contro Fratelli\" \/>\n<meta property=\"og:description\" content=\"Cage pour reproduction et engraissement avec 1 panier pour 3 reproductrices et 2 paniers \u00e0 8 compartiments pour l&#039;engraissement. Gestion optimale des animaux. Produit made in Italy Contro Fratelli.\" \/>\n<meta property=\"og:url\" content=\"https:\/\/contro.it\/fr\/prodotto\/cage-d-elevage-et-d-engraissement-2\/\" \/>\n<meta property=\"og:site_name\" content=\"Contro Fratelli srl\" \/>\n<meta property=\"article:publisher\" content=\"https:\/\/www.facebook.com\/controfratellisrl\" \/>\n<meta property=\"og:image\" content=\"https:\/\/contro.it\/wp-content\/uploads\/2023\/10\/Gabbia-per-riproduzione-e-ingrasso-51.F.08-1.jpg\" \/>\n\t<meta property=\"og:image:width\" content=\"1200\" \/>\n\t<meta property=\"og:image:height\" content=\"1200\" \/>\n\t<meta property=\"og:image:type\" content=\"image\/jpeg\" \/>\n<meta name=\"twitter:card\" content=\"summary_large_image\" \/>\n<script type=\"application\/ld+json\" class=\"yoast-schema-graph\">{\"@context\":\"https:\\\/\\\/schema.org\",\"@graph\":[{\"@type\":\"WebPage\",\"@id\":\"https:\\\/\\\/contro.it\\\/fr\\\/prodotto\\\/cage-d-elevage-et-d-engraissement-2\\\/\",\"url\":\"https:\\\/\\\/contro.it\\\/fr\\\/prodotto\\\/cage-d-elevage-et-d-engraissement-2\\\/\",\"name\":\"Cage pour Reproduction et Engraissement avec Paniers - Contro Fratelli\",\"isPartOf\":{\"@id\":\"https:\\\/\\\/contro.it\\\/fr\\\/#website\"},\"primaryImageOfPage\":{\"@id\":\"https:\\\/\\\/contro.it\\\/fr\\\/prodotto\\\/cage-d-elevage-et-d-engraissement-2\\\/#primaryimage\"},\"image\":{\"@id\":\"https:\\\/\\\/contro.it\\\/fr\\\/prodotto\\\/cage-d-elevage-et-d-engraissement-2\\\/#primaryimage\"},\"thumbnailUrl\":\"https:\\\/\\\/contro.it\\\/wp-content\\\/uploads\\\/2023\\\/10\\\/Gabbia-per-riproduzione-e-ingrasso-51.F.08-1.jpg\",\"datePublished\":\"2023-06-06T09:13:26+00:00\",\"description\":\"Cage pour reproduction et engraissement avec 1 panier pour 3 reproductrices et 2 paniers \u00e0 8 compartiments pour l'engraissement. Gestion optimale des animaux. Produit made in Italy Contro Fratelli.\",\"breadcrumb\":{\"@id\":\"https:\\\/\\\/contro.it\\\/fr\\\/prodotto\\\/cage-d-elevage-et-d-engraissement-2\\\/#breadcrumb\"},\"inLanguage\":\"fr-FR\",\"potentialAction\":[{\"@type\":\"ReadAction\",\"target\":[\"https:\\\/\\\/contro.it\\\/fr\\\/prodotto\\\/cage-d-elevage-et-d-engraissement-2\\\/\"]}]},{\"@type\":\"ImageObject\",\"inLanguage\":\"fr-FR\",\"@id\":\"https:\\\/\\\/contro.it\\\/fr\\\/prodotto\\\/cage-d-elevage-et-d-engraissement-2\\\/#primaryimage\",\"url\":\"https:\\\/\\\/contro.it\\\/wp-content\\\/uploads\\\/2023\\\/10\\\/Gabbia-per-riproduzione-e-ingrasso-51.F.08-1.jpg\",\"contentUrl\":\"https:\\\/\\\/contro.it\\\/wp-content\\\/uploads\\\/2023\\\/10\\\/Gabbia-per-riproduzione-e-ingrasso-51.F.08-1.jpg\",\"width\":1200,\"height\":1200,\"caption\":\"Cage d'\u00e9levage et d'engraissemento - 51.F.08\"},{\"@type\":\"BreadcrumbList\",\"@id\":\"https:\\\/\\\/contro.it\\\/fr\\\/prodotto\\\/cage-d-elevage-et-d-engraissement-2\\\/#breadcrumb\",\"itemListElement\":[{\"@type\":\"ListItem\",\"position\":1,\"name\":\"Home\",\"item\":\"https:\\\/\\\/contro.it\\\/fr\\\/\"},{\"@type\":\"ListItem\",\"position\":2,\"name\":\"Produits\",\"item\":\"https:\\\/\\\/contro.it\\\/fr\\\/shop\\\/\"},{\"@type\":\"ListItem\",\"position\":3,\"name\":\"Cage d&rsquo;\u00e9levage et d&rsquo;engraissement\"}]},{\"@type\":\"WebSite\",\"@id\":\"https:\\\/\\\/contro.it\\\/fr\\\/#website\",\"url\":\"https:\\\/\\\/contro.it\\\/fr\\\/\",\"name\":\"Contro Fratelli srl\",\"description\":\"Prodotti per l' allevamento avicolo, cunicolo e animali da compagnia\",\"publisher\":{\"@id\":\"https:\\\/\\\/contro.it\\\/fr\\\/#organization\"},\"potentialAction\":[{\"@type\":\"SearchAction\",\"target\":{\"@type\":\"EntryPoint\",\"urlTemplate\":\"https:\\\/\\\/contro.it\\\/fr\\\/?s={search_term_string}\"},\"query-input\":{\"@type\":\"PropertyValueSpecification\",\"valueRequired\":true,\"valueName\":\"search_term_string\"}}],\"inLanguage\":\"fr-FR\"},{\"@type\":\"Organization\",\"@id\":\"https:\\\/\\\/contro.it\\\/fr\\\/#organization\",\"name\":\"Contro Fratelli srl\",\"url\":\"https:\\\/\\\/contro.it\\\/fr\\\/\",\"logo\":{\"@type\":\"ImageObject\",\"inLanguage\":\"fr-FR\",\"@id\":\"https:\\\/\\\/contro.it\\\/fr\\\/#\\\/schema\\\/logo\\\/image\\\/\",\"url\":\"https:\\\/\\\/contro.it\\\/wp-content\\\/uploads\\\/2019\\\/02\\\/Logo-Contro-Fratelli.png\",\"contentUrl\":\"https:\\\/\\\/contro.it\\\/wp-content\\\/uploads\\\/2019\\\/02\\\/Logo-Contro-Fratelli.png\",\"width\":281,\"height\":49,\"caption\":\"Contro Fratelli srl\"},\"image\":{\"@id\":\"https:\\\/\\\/contro.it\\\/fr\\\/#\\\/schema\\\/logo\\\/image\\\/\"},\"sameAs\":[\"https:\\\/\\\/www.facebook.com\\\/controfratellisrl\",\"https:\\\/\\\/www.linkedin.com\\\/company\\\/contro-fratelli-s.r.l.\\\/about\\\/\"]}]}<\/script>\n<!-- \/ Yoast SEO plugin. -->","yoast_head_json":{"title":"Cage pour Reproduction et Engraissement avec Paniers - Contro Fratelli","description":"Cage pour reproduction et engraissement avec 1 panier pour 3 reproductrices et 2 paniers \u00e0 8 compartiments pour l'engraissement. Gestion optimale des animaux. Produit made in Italy Contro Fratelli.","robots":{"index":"index","follow":"follow","max-snippet":"max-snippet:-1","max-image-preview":"max-image-preview:large","max-video-preview":"max-video-preview:-1"},"canonical":"https:\/\/contro.it\/fr\/prodotto\/cage-d-elevage-et-d-engraissement-2\/","og_locale":"fr_FR","og_type":"article","og_title":"Cage pour Reproduction et Engraissement avec Paniers - Contro Fratelli","og_description":"Cage pour reproduction et engraissement avec 1 panier pour 3 reproductrices et 2 paniers \u00e0 8 compartiments pour l'engraissement. Gestion optimale des animaux. Produit made in Italy Contro Fratelli.","og_url":"https:\/\/contro.it\/fr\/prodotto\/cage-d-elevage-et-d-engraissement-2\/","og_site_name":"Contro Fratelli srl","article_publisher":"https:\/\/www.facebook.com\/controfratellisrl","og_image":[{"width":1200,"height":1200,"url":"https:\/\/contro.it\/wp-content\/uploads\/2023\/10\/Gabbia-per-riproduzione-e-ingrasso-51.F.08-1.jpg","type":"image\/jpeg"}],"twitter_card":"summary_large_image","schema":{"@context":"https:\/\/schema.org","@graph":[{"@type":"WebPage","@id":"https:\/\/contro.it\/fr\/prodotto\/cage-d-elevage-et-d-engraissement-2\/","url":"https:\/\/contro.it\/fr\/prodotto\/cage-d-elevage-et-d-engraissement-2\/","name":"Cage pour Reproduction et Engraissement avec Paniers - Contro Fratelli","isPartOf":{"@id":"https:\/\/contro.it\/fr\/#website"},"primaryImageOfPage":{"@id":"https:\/\/contro.it\/fr\/prodotto\/cage-d-elevage-et-d-engraissement-2\/#primaryimage"},"image":{"@id":"https:\/\/contro.it\/fr\/prodotto\/cage-d-elevage-et-d-engraissement-2\/#primaryimage"},"thumbnailUrl":"https:\/\/contro.it\/wp-content\/uploads\/2023\/10\/Gabbia-per-riproduzione-e-ingrasso-51.F.08-1.jpg","datePublished":"2023-06-06T09:13:26+00:00","description":"Cage pour reproduction et engraissement avec 1 panier pour 3 reproductrices et 2 paniers \u00e0 8 compartiments pour l'engraissement. Gestion optimale des animaux. Produit made in Italy Contro Fratelli.","breadcrumb":{"@id":"https:\/\/contro.it\/fr\/prodotto\/cage-d-elevage-et-d-engraissement-2\/#breadcrumb"},"inLanguage":"fr-FR","potentialAction":[{"@type":"ReadAction","target":["https:\/\/contro.it\/fr\/prodotto\/cage-d-elevage-et-d-engraissement-2\/"]}]},{"@type":"ImageObject","inLanguage":"fr-FR","@id":"https:\/\/contro.it\/fr\/prodotto\/cage-d-elevage-et-d-engraissement-2\/#primaryimage","url":"https:\/\/contro.it\/wp-content\/uploads\/2023\/10\/Gabbia-per-riproduzione-e-ingrasso-51.F.08-1.jpg","contentUrl":"https:\/\/contro.it\/wp-content\/uploads\/2023\/10\/Gabbia-per-riproduzione-e-ingrasso-51.F.08-1.jpg","width":1200,"height":1200,"caption":"Cage d'\u00e9levage et d'engraissemento - 51.F.08"},{"@type":"BreadcrumbList","@id":"https:\/\/contro.it\/fr\/prodotto\/cage-d-elevage-et-d-engraissement-2\/#breadcrumb","itemListElement":[{"@type":"ListItem","position":1,"name":"Home","item":"https:\/\/contro.it\/fr\/"},{"@type":"ListItem","position":2,"name":"Produits","item":"https:\/\/contro.it\/fr\/shop\/"},{"@type":"ListItem","position":3,"name":"Cage d&rsquo;\u00e9levage et d&rsquo;engraissement"}]},{"@type":"WebSite","@id":"https:\/\/contro.it\/fr\/#website","url":"https:\/\/contro.it\/fr\/","name":"Contro Fratelli srl","description":"Prodotti per l' allevamento avicolo, cunicolo e animali da compagnia","publisher":{"@id":"https:\/\/contro.it\/fr\/#organization"},"potentialAction":[{"@type":"SearchAction","target":{"@type":"EntryPoint","urlTemplate":"https:\/\/contro.it\/fr\/?s={search_term_string}"},"query-input":{"@type":"PropertyValueSpecification","valueRequired":true,"valueName":"search_term_string"}}],"inLanguage":"fr-FR"},{"@type":"Organization","@id":"https:\/\/contro.it\/fr\/#organization","name":"Contro Fratelli srl","url":"https:\/\/contro.it\/fr\/","logo":{"@type":"ImageObject","inLanguage":"fr-FR","@id":"https:\/\/contro.it\/fr\/#\/schema\/logo\/image\/","url":"https:\/\/contro.it\/wp-content\/uploads\/2019\/02\/Logo-Contro-Fratelli.png","contentUrl":"https:\/\/contro.it\/wp-content\/uploads\/2019\/02\/Logo-Contro-Fratelli.png","width":281,"height":49,"caption":"Contro Fratelli srl"},"image":{"@id":"https:\/\/contro.it\/fr\/#\/schema\/logo\/image\/"},"sameAs":["https:\/\/www.facebook.com\/controfratellisrl","https:\/\/www.linkedin.com\/company\/contro-fratelli-s.r.l.\/about\/"]}]}},"_links":{"self":[{"href":"https:\/\/contro.it\/fr\/wp-json\/wp\/v2\/product\/15429","targetHints":{"allow":["GET"]}}],"collection":[{"href":"https:\/\/contro.it\/fr\/wp-json\/wp\/v2\/product"}],"about":[{"href":"https:\/\/contro.it\/fr\/wp-json\/wp\/v2\/types\/product"}],"replies":[{"embeddable":true,"href":"https:\/\/contro.it\/fr\/wp-json\/wp\/v2\/comments?post=15429"}],"wp:featuredmedia":[{"embeddable":true,"href":"https:\/\/contro.it\/fr\/wp-json\/wp\/v2\/media\/14099"}],"wp:attachment":[{"href":"https:\/\/contro.it\/fr\/wp-json\/wp\/v2\/media?parent=15429"}],"wp:term":[{"taxonomy":"product_brand","embeddable":true,"href":"https:\/\/contro.it\/fr\/wp-json\/wp\/v2\/product_brand?post=15429"},{"taxonomy":"product_cat","embeddable":true,"href":"https:\/\/contro.it\/fr\/wp-json\/wp\/v2\/product_cat?post=15429"},{"taxonomy":"product_tag","embeddable":true,"href":"https:\/\/contro.it\/fr\/wp-json\/wp\/v2\/product_tag?post=15429"},{"taxonomy":"zone","embeddable":true,"href":"https:\/\/contro.it\/fr\/wp-json\/wp\/v2\/zone?post=15429"}],"curies":[{"name":"wp","href":"https:\/\/api.w.org\/{rel}","templated":true}]}}