{"id":15194,"date":"2023-06-06T11:12:39","date_gmt":"2023-06-06T09:12:39","guid":{"rendered":"https:\/\/contro.it\/prodotto\/abreuvoir-automatique-lineaire\/"},"modified":"2023-06-06T11:12:39","modified_gmt":"2023-06-06T09:12:39","slug":"abreuvoir-automatique-lineaire","status":"publish","type":"product","link":"https:\/\/contro.it\/fr\/prodotto\/abreuvoir-automatique-lineaire\/","title":{"rendered":"Abreuvoir automatique lin\u00e9aire"},"content":{"rendered":"","protected":false},"excerpt":{"rendered":"<p>Abreuvoir automatique lin\u00e9aire avec bac en acier inoxydable, disponible en emballage carton de 1, 2 ou 4 pi\u00e8ces<\/p>\n","protected":false},"featured_media":14135,"comment_status":"open","ping_status":"closed","template":"","meta":{"_acf_changed":false,"inline_featured_image":false},"product_brand":[],"product_cat":[217,216],"product_tag":[],"zone":[],"class_list":{"0":"post-15194","1":"product","2":"type-product","3":"status-publish","4":"has-post-thumbnail","6":"product_cat-abreuvoirs-pour-volaille","7":"product_cat-equipement-pour-laviculture","9":"first","10":"instock","11":"shipping-taxable","12":"product-type-simple"},"acf":[],"yoast_head":"<!-- This site is optimized with the Yoast SEO plugin v27.3 - https:\/\/yoast.com\/product\/yoast-seo-wordpress\/ -->\n<title>Abreuvoir Automatique Lin\u00e9aire<\/title>\n<meta name=\"description\" content=\"Abreuvoir automatique lin\u00e9aire avec goutti\u00e8re en acier inoxydable, disponible en emballages carton de 1-2-4 pi\u00e8ces. Produit made in Italy Contro Fratelli.\" \/>\n<meta name=\"robots\" content=\"index, follow, max-snippet:-1, max-image-preview:large, max-video-preview:-1\" \/>\n<link rel=\"canonical\" href=\"https:\/\/contro.it\/fr\/prodotto\/abreuvoir-automatique-lineaire\/\" \/>\n<meta property=\"og:locale\" content=\"fr_FR\" \/>\n<meta property=\"og:type\" content=\"article\" \/>\n<meta property=\"og:title\" content=\"Abreuvoir Automatique Lin\u00e9aire\" \/>\n<meta property=\"og:description\" content=\"Abreuvoir automatique lin\u00e9aire avec goutti\u00e8re en acier inoxydable, disponible en emballages carton de 1-2-4 pi\u00e8ces. Produit made in Italy Contro Fratelli.\" \/>\n<meta property=\"og:url\" content=\"https:\/\/contro.it\/fr\/prodotto\/abreuvoir-automatique-lineaire\/\" \/>\n<meta property=\"og:site_name\" content=\"Contro Fratelli srl\" \/>\n<meta property=\"article:publisher\" content=\"https:\/\/www.facebook.com\/controfratellisrl\" \/>\n<meta property=\"og:image\" content=\"https:\/\/contro.it\/wp-content\/uploads\/2023\/10\/Abbeveratoio-lineare-automatico-077.20-1.png\" \/>\n\t<meta property=\"og:image:width\" content=\"1200\" \/>\n\t<meta property=\"og:image:height\" content=\"1200\" \/>\n\t<meta property=\"og:image:type\" content=\"image\/png\" \/>\n<meta name=\"twitter:card\" content=\"summary_large_image\" \/>\n<script type=\"application\/ld+json\" class=\"yoast-schema-graph\">{\"@context\":\"https:\\\/\\\/schema.org\",\"@graph\":[{\"@type\":\"WebPage\",\"@id\":\"https:\\\/\\\/contro.it\\\/fr\\\/prodotto\\\/abreuvoir-automatique-lineaire\\\/\",\"url\":\"https:\\\/\\\/contro.it\\\/fr\\\/prodotto\\\/abreuvoir-automatique-lineaire\\\/\",\"name\":\"Abreuvoir Automatique Lin\u00e9aire\",\"isPartOf\":{\"@id\":\"https:\\\/\\\/contro.it\\\/fr\\\/#website\"},\"primaryImageOfPage\":{\"@id\":\"https:\\\/\\\/contro.it\\\/fr\\\/prodotto\\\/abreuvoir-automatique-lineaire\\\/#primaryimage\"},\"image\":{\"@id\":\"https:\\\/\\\/contro.it\\\/fr\\\/prodotto\\\/abreuvoir-automatique-lineaire\\\/#primaryimage\"},\"thumbnailUrl\":\"https:\\\/\\\/contro.it\\\/wp-content\\\/uploads\\\/2023\\\/10\\\/Abbeveratoio-lineare-automatico-077.20-1.png\",\"datePublished\":\"2023-06-06T09:12:39+00:00\",\"description\":\"Abreuvoir automatique lin\u00e9aire avec goutti\u00e8re en acier inoxydable, disponible en emballages carton de 1-2-4 pi\u00e8ces. Produit made in Italy Contro Fratelli.\",\"breadcrumb\":{\"@id\":\"https:\\\/\\\/contro.it\\\/fr\\\/prodotto\\\/abreuvoir-automatique-lineaire\\\/#breadcrumb\"},\"inLanguage\":\"fr-FR\",\"potentialAction\":[{\"@type\":\"ReadAction\",\"target\":[\"https:\\\/\\\/contro.it\\\/fr\\\/prodotto\\\/abreuvoir-automatique-lineaire\\\/\"]}]},{\"@type\":\"ImageObject\",\"inLanguage\":\"fr-FR\",\"@id\":\"https:\\\/\\\/contro.it\\\/fr\\\/prodotto\\\/abreuvoir-automatique-lineaire\\\/#primaryimage\",\"url\":\"https:\\\/\\\/contro.it\\\/wp-content\\\/uploads\\\/2023\\\/10\\\/Abbeveratoio-lineare-automatico-077.20-1.png\",\"contentUrl\":\"https:\\\/\\\/contro.it\\\/wp-content\\\/uploads\\\/2023\\\/10\\\/Abbeveratoio-lineare-automatico-077.20-1.png\",\"width\":1200,\"height\":1200,\"caption\":\"Abreuvoir automatique lin\u00e9aire - 077.20\"},{\"@type\":\"BreadcrumbList\",\"@id\":\"https:\\\/\\\/contro.it\\\/fr\\\/prodotto\\\/abreuvoir-automatique-lineaire\\\/#breadcrumb\",\"itemListElement\":[{\"@type\":\"ListItem\",\"position\":1,\"name\":\"Home\",\"item\":\"https:\\\/\\\/contro.it\\\/fr\\\/\"},{\"@type\":\"ListItem\",\"position\":2,\"name\":\"Produits\",\"item\":\"https:\\\/\\\/contro.it\\\/fr\\\/shop\\\/\"},{\"@type\":\"ListItem\",\"position\":3,\"name\":\"Abreuvoir automatique lin\u00e9aire\"}]},{\"@type\":\"WebSite\",\"@id\":\"https:\\\/\\\/contro.it\\\/fr\\\/#website\",\"url\":\"https:\\\/\\\/contro.it\\\/fr\\\/\",\"name\":\"Contro Fratelli srl\",\"description\":\"Prodotti per l' allevamento avicolo, cunicolo e animali da compagnia\",\"publisher\":{\"@id\":\"https:\\\/\\\/contro.it\\\/fr\\\/#organization\"},\"potentialAction\":[{\"@type\":\"SearchAction\",\"target\":{\"@type\":\"EntryPoint\",\"urlTemplate\":\"https:\\\/\\\/contro.it\\\/fr\\\/?s={search_term_string}\"},\"query-input\":{\"@type\":\"PropertyValueSpecification\",\"valueRequired\":true,\"valueName\":\"search_term_string\"}}],\"inLanguage\":\"fr-FR\"},{\"@type\":\"Organization\",\"@id\":\"https:\\\/\\\/contro.it\\\/fr\\\/#organization\",\"name\":\"Contro Fratelli srl\",\"url\":\"https:\\\/\\\/contro.it\\\/fr\\\/\",\"logo\":{\"@type\":\"ImageObject\",\"inLanguage\":\"fr-FR\",\"@id\":\"https:\\\/\\\/contro.it\\\/fr\\\/#\\\/schema\\\/logo\\\/image\\\/\",\"url\":\"https:\\\/\\\/contro.it\\\/wp-content\\\/uploads\\\/2019\\\/02\\\/Logo-Contro-Fratelli.png\",\"contentUrl\":\"https:\\\/\\\/contro.it\\\/wp-content\\\/uploads\\\/2019\\\/02\\\/Logo-Contro-Fratelli.png\",\"width\":281,\"height\":49,\"caption\":\"Contro Fratelli srl\"},\"image\":{\"@id\":\"https:\\\/\\\/contro.it\\\/fr\\\/#\\\/schema\\\/logo\\\/image\\\/\"},\"sameAs\":[\"https:\\\/\\\/www.facebook.com\\\/controfratellisrl\",\"https:\\\/\\\/www.linkedin.com\\\/company\\\/contro-fratelli-s.r.l.\\\/about\\\/\"]}]}<\/script>\n<!-- \/ Yoast SEO plugin. -->","yoast_head_json":{"title":"Abreuvoir Automatique Lin\u00e9aire","description":"Abreuvoir automatique lin\u00e9aire avec goutti\u00e8re en acier inoxydable, disponible en emballages carton de 1-2-4 pi\u00e8ces. Produit made in Italy Contro Fratelli.","robots":{"index":"index","follow":"follow","max-snippet":"max-snippet:-1","max-image-preview":"max-image-preview:large","max-video-preview":"max-video-preview:-1"},"canonical":"https:\/\/contro.it\/fr\/prodotto\/abreuvoir-automatique-lineaire\/","og_locale":"fr_FR","og_type":"article","og_title":"Abreuvoir Automatique Lin\u00e9aire","og_description":"Abreuvoir automatique lin\u00e9aire avec goutti\u00e8re en acier inoxydable, disponible en emballages carton de 1-2-4 pi\u00e8ces. Produit made in Italy Contro Fratelli.","og_url":"https:\/\/contro.it\/fr\/prodotto\/abreuvoir-automatique-lineaire\/","og_site_name":"Contro Fratelli srl","article_publisher":"https:\/\/www.facebook.com\/controfratellisrl","og_image":[{"width":1200,"height":1200,"url":"https:\/\/contro.it\/wp-content\/uploads\/2023\/10\/Abbeveratoio-lineare-automatico-077.20-1.png","type":"image\/png"}],"twitter_card":"summary_large_image","schema":{"@context":"https:\/\/schema.org","@graph":[{"@type":"WebPage","@id":"https:\/\/contro.it\/fr\/prodotto\/abreuvoir-automatique-lineaire\/","url":"https:\/\/contro.it\/fr\/prodotto\/abreuvoir-automatique-lineaire\/","name":"Abreuvoir Automatique Lin\u00e9aire","isPartOf":{"@id":"https:\/\/contro.it\/fr\/#website"},"primaryImageOfPage":{"@id":"https:\/\/contro.it\/fr\/prodotto\/abreuvoir-automatique-lineaire\/#primaryimage"},"image":{"@id":"https:\/\/contro.it\/fr\/prodotto\/abreuvoir-automatique-lineaire\/#primaryimage"},"thumbnailUrl":"https:\/\/contro.it\/wp-content\/uploads\/2023\/10\/Abbeveratoio-lineare-automatico-077.20-1.png","datePublished":"2023-06-06T09:12:39+00:00","description":"Abreuvoir automatique lin\u00e9aire avec goutti\u00e8re en acier inoxydable, disponible en emballages carton de 1-2-4 pi\u00e8ces. Produit made in Italy Contro Fratelli.","breadcrumb":{"@id":"https:\/\/contro.it\/fr\/prodotto\/abreuvoir-automatique-lineaire\/#breadcrumb"},"inLanguage":"fr-FR","potentialAction":[{"@type":"ReadAction","target":["https:\/\/contro.it\/fr\/prodotto\/abreuvoir-automatique-lineaire\/"]}]},{"@type":"ImageObject","inLanguage":"fr-FR","@id":"https:\/\/contro.it\/fr\/prodotto\/abreuvoir-automatique-lineaire\/#primaryimage","url":"https:\/\/contro.it\/wp-content\/uploads\/2023\/10\/Abbeveratoio-lineare-automatico-077.20-1.png","contentUrl":"https:\/\/contro.it\/wp-content\/uploads\/2023\/10\/Abbeveratoio-lineare-automatico-077.20-1.png","width":1200,"height":1200,"caption":"Abreuvoir automatique lin\u00e9aire - 077.20"},{"@type":"BreadcrumbList","@id":"https:\/\/contro.it\/fr\/prodotto\/abreuvoir-automatique-lineaire\/#breadcrumb","itemListElement":[{"@type":"ListItem","position":1,"name":"Home","item":"https:\/\/contro.it\/fr\/"},{"@type":"ListItem","position":2,"name":"Produits","item":"https:\/\/contro.it\/fr\/shop\/"},{"@type":"ListItem","position":3,"name":"Abreuvoir automatique lin\u00e9aire"}]},{"@type":"WebSite","@id":"https:\/\/contro.it\/fr\/#website","url":"https:\/\/contro.it\/fr\/","name":"Contro Fratelli srl","description":"Prodotti per l' allevamento avicolo, cunicolo e animali da compagnia","publisher":{"@id":"https:\/\/contro.it\/fr\/#organization"},"potentialAction":[{"@type":"SearchAction","target":{"@type":"EntryPoint","urlTemplate":"https:\/\/contro.it\/fr\/?s={search_term_string}"},"query-input":{"@type":"PropertyValueSpecification","valueRequired":true,"valueName":"search_term_string"}}],"inLanguage":"fr-FR"},{"@type":"Organization","@id":"https:\/\/contro.it\/fr\/#organization","name":"Contro Fratelli srl","url":"https:\/\/contro.it\/fr\/","logo":{"@type":"ImageObject","inLanguage":"fr-FR","@id":"https:\/\/contro.it\/fr\/#\/schema\/logo\/image\/","url":"https:\/\/contro.it\/wp-content\/uploads\/2019\/02\/Logo-Contro-Fratelli.png","contentUrl":"https:\/\/contro.it\/wp-content\/uploads\/2019\/02\/Logo-Contro-Fratelli.png","width":281,"height":49,"caption":"Contro Fratelli srl"},"image":{"@id":"https:\/\/contro.it\/fr\/#\/schema\/logo\/image\/"},"sameAs":["https:\/\/www.facebook.com\/controfratellisrl","https:\/\/www.linkedin.com\/company\/contro-fratelli-s.r.l.\/about\/"]}]}},"_links":{"self":[{"href":"https:\/\/contro.it\/fr\/wp-json\/wp\/v2\/product\/15194","targetHints":{"allow":["GET"]}}],"collection":[{"href":"https:\/\/contro.it\/fr\/wp-json\/wp\/v2\/product"}],"about":[{"href":"https:\/\/contro.it\/fr\/wp-json\/wp\/v2\/types\/product"}],"replies":[{"embeddable":true,"href":"https:\/\/contro.it\/fr\/wp-json\/wp\/v2\/comments?post=15194"}],"wp:featuredmedia":[{"embeddable":true,"href":"https:\/\/contro.it\/fr\/wp-json\/wp\/v2\/media\/14135"}],"wp:attachment":[{"href":"https:\/\/contro.it\/fr\/wp-json\/wp\/v2\/media?parent=15194"}],"wp:term":[{"taxonomy":"product_brand","embeddable":true,"href":"https:\/\/contro.it\/fr\/wp-json\/wp\/v2\/product_brand?post=15194"},{"taxonomy":"product_cat","embeddable":true,"href":"https:\/\/contro.it\/fr\/wp-json\/wp\/v2\/product_cat?post=15194"},{"taxonomy":"product_tag","embeddable":true,"href":"https:\/\/contro.it\/fr\/wp-json\/wp\/v2\/product_tag?post=15194"},{"taxonomy":"zone","embeddable":true,"href":"https:\/\/contro.it\/fr\/wp-json\/wp\/v2\/zone?post=15194"}],"curies":[{"name":"wp","href":"https:\/\/api.w.org\/{rel}","templated":true}]}}