{"id":15168,"date":"2023-06-06T11:12:31","date_gmt":"2023-06-06T09:12:31","guid":{"rendered":"https:\/\/contro.it\/prodotto\/antar-2\/"},"modified":"2023-06-06T11:12:31","modified_gmt":"2023-06-06T09:12:31","slug":"antar-2","status":"publish","type":"product","link":"https:\/\/contro.it\/fr\/prodotto\/antar-2\/","title":{"rendered":"Antar"},"content":{"rendered":"","protected":false},"excerpt":{"rendered":"<p>Abreuvoir en plastique de 5 L, avec poign\u00e9e, pour utilisation soit suspendu soit sur le sol. Fond avec bouchon \u00e0 vis et joint, pour un remplissage plus facile<\/p>\n","protected":false},"featured_media":13257,"comment_status":"open","ping_status":"closed","template":"","meta":{"_acf_changed":false,"inline_featured_image":false},"product_brand":[],"product_cat":[217,216],"product_tag":[],"zone":[],"class_list":{"0":"post-15168","1":"product","2":"type-product","3":"status-publish","4":"has-post-thumbnail","6":"product_cat-abreuvoirs-pour-volaille","7":"product_cat-equipement-pour-laviculture","9":"first","10":"instock","11":"shipping-taxable","12":"product-type-simple"},"acf":[],"yoast_head":"<!-- This site is optimized with the Yoast SEO plugin v27.3 - https:\/\/yoast.com\/product\/yoast-seo-wordpress\/ -->\n<title>Antar: Abreuvoir en Plastique 5L avec Couvercle aviculture<\/title>\n<meta name=\"description\" content=\"L&#039;Antar est un abreuvoir en plastique de 5Lt. Plateau avec bouchon \u00e0 vis pour un remplissage plus facile et poign\u00e9e permettant \u00e9galement une utilisation suspendue. Produit fabriqu\u00e9 en Italie fabriqu\u00e9 par Contro Fratelli.\" \/>\n<meta name=\"robots\" content=\"index, follow, max-snippet:-1, max-image-preview:large, max-video-preview:-1\" \/>\n<link rel=\"canonical\" href=\"https:\/\/contro.it\/fr\/prodotto\/antar-2\/\" \/>\n<meta property=\"og:locale\" content=\"fr_FR\" \/>\n<meta property=\"og:type\" content=\"article\" \/>\n<meta property=\"og:title\" content=\"Antar: Abreuvoir en Plastique 5L avec Couvercle aviculture\" \/>\n<meta property=\"og:description\" content=\"L&#039;Antar est un abreuvoir en plastique de 5Lt. Plateau avec bouchon \u00e0 vis pour un remplissage plus facile et poign\u00e9e permettant \u00e9galement une utilisation suspendue. Produit fabriqu\u00e9 en Italie fabriqu\u00e9 par Contro Fratelli.\" \/>\n<meta property=\"og:url\" content=\"https:\/\/contro.it\/fr\/prodotto\/antar-2\/\" \/>\n<meta property=\"og:site_name\" content=\"Contro Fratelli srl\" \/>\n<meta property=\"article:publisher\" content=\"https:\/\/www.facebook.com\/controfratellisrl\" \/>\n<meta property=\"og:image\" content=\"https:\/\/contro.it\/wp-content\/uploads\/2023\/06\/002.14T.png\" \/>\n\t<meta property=\"og:image:width\" content=\"1000\" \/>\n\t<meta property=\"og:image:height\" content=\"1000\" \/>\n\t<meta property=\"og:image:type\" content=\"image\/png\" \/>\n<meta name=\"twitter:card\" content=\"summary_large_image\" \/>\n<script type=\"application\/ld+json\" class=\"yoast-schema-graph\">{\"@context\":\"https:\\\/\\\/schema.org\",\"@graph\":[{\"@type\":\"WebPage\",\"@id\":\"https:\\\/\\\/contro.it\\\/fr\\\/prodotto\\\/antar-2\\\/\",\"url\":\"https:\\\/\\\/contro.it\\\/fr\\\/prodotto\\\/antar-2\\\/\",\"name\":\"Antar: Abreuvoir en Plastique 5L avec Couvercle aviculture\",\"isPartOf\":{\"@id\":\"https:\\\/\\\/contro.it\\\/fr\\\/#website\"},\"primaryImageOfPage\":{\"@id\":\"https:\\\/\\\/contro.it\\\/fr\\\/prodotto\\\/antar-2\\\/#primaryimage\"},\"image\":{\"@id\":\"https:\\\/\\\/contro.it\\\/fr\\\/prodotto\\\/antar-2\\\/#primaryimage\"},\"thumbnailUrl\":\"https:\\\/\\\/contro.it\\\/wp-content\\\/uploads\\\/2023\\\/06\\\/002.14T.png\",\"datePublished\":\"2023-06-06T09:12:31+00:00\",\"description\":\"L'Antar est un abreuvoir en plastique de 5Lt. Plateau avec bouchon \u00e0 vis pour un remplissage plus facile et poign\u00e9e permettant \u00e9galement une utilisation suspendue. Produit fabriqu\u00e9 en Italie fabriqu\u00e9 par Contro Fratelli.\",\"breadcrumb\":{\"@id\":\"https:\\\/\\\/contro.it\\\/fr\\\/prodotto\\\/antar-2\\\/#breadcrumb\"},\"inLanguage\":\"fr-FR\",\"potentialAction\":[{\"@type\":\"ReadAction\",\"target\":[\"https:\\\/\\\/contro.it\\\/fr\\\/prodotto\\\/antar-2\\\/\"]}]},{\"@type\":\"ImageObject\",\"inLanguage\":\"fr-FR\",\"@id\":\"https:\\\/\\\/contro.it\\\/fr\\\/prodotto\\\/antar-2\\\/#primaryimage\",\"url\":\"https:\\\/\\\/contro.it\\\/wp-content\\\/uploads\\\/2023\\\/06\\\/002.14T.png\",\"contentUrl\":\"https:\\\/\\\/contro.it\\\/wp-content\\\/uploads\\\/2023\\\/06\\\/002.14T.png\",\"width\":1000,\"height\":1000,\"caption\":\"Antar\"},{\"@type\":\"BreadcrumbList\",\"@id\":\"https:\\\/\\\/contro.it\\\/fr\\\/prodotto\\\/antar-2\\\/#breadcrumb\",\"itemListElement\":[{\"@type\":\"ListItem\",\"position\":1,\"name\":\"Home\",\"item\":\"https:\\\/\\\/contro.it\\\/fr\\\/\"},{\"@type\":\"ListItem\",\"position\":2,\"name\":\"Produits\",\"item\":\"https:\\\/\\\/contro.it\\\/fr\\\/shop\\\/\"},{\"@type\":\"ListItem\",\"position\":3,\"name\":\"Antar\"}]},{\"@type\":\"WebSite\",\"@id\":\"https:\\\/\\\/contro.it\\\/fr\\\/#website\",\"url\":\"https:\\\/\\\/contro.it\\\/fr\\\/\",\"name\":\"Contro Fratelli srl\",\"description\":\"Prodotti per l' allevamento avicolo, cunicolo e animali da compagnia\",\"publisher\":{\"@id\":\"https:\\\/\\\/contro.it\\\/fr\\\/#organization\"},\"potentialAction\":[{\"@type\":\"SearchAction\",\"target\":{\"@type\":\"EntryPoint\",\"urlTemplate\":\"https:\\\/\\\/contro.it\\\/fr\\\/?s={search_term_string}\"},\"query-input\":{\"@type\":\"PropertyValueSpecification\",\"valueRequired\":true,\"valueName\":\"search_term_string\"}}],\"inLanguage\":\"fr-FR\"},{\"@type\":\"Organization\",\"@id\":\"https:\\\/\\\/contro.it\\\/fr\\\/#organization\",\"name\":\"Contro Fratelli srl\",\"url\":\"https:\\\/\\\/contro.it\\\/fr\\\/\",\"logo\":{\"@type\":\"ImageObject\",\"inLanguage\":\"fr-FR\",\"@id\":\"https:\\\/\\\/contro.it\\\/fr\\\/#\\\/schema\\\/logo\\\/image\\\/\",\"url\":\"https:\\\/\\\/contro.it\\\/wp-content\\\/uploads\\\/2019\\\/02\\\/Logo-Contro-Fratelli.png\",\"contentUrl\":\"https:\\\/\\\/contro.it\\\/wp-content\\\/uploads\\\/2019\\\/02\\\/Logo-Contro-Fratelli.png\",\"width\":281,\"height\":49,\"caption\":\"Contro Fratelli srl\"},\"image\":{\"@id\":\"https:\\\/\\\/contro.it\\\/fr\\\/#\\\/schema\\\/logo\\\/image\\\/\"},\"sameAs\":[\"https:\\\/\\\/www.facebook.com\\\/controfratellisrl\",\"https:\\\/\\\/www.linkedin.com\\\/company\\\/contro-fratelli-s.r.l.\\\/about\\\/\"]}]}<\/script>\n<!-- \/ Yoast SEO plugin. -->","yoast_head_json":{"title":"Antar: Abreuvoir en Plastique 5L avec Couvercle aviculture","description":"L'Antar est un abreuvoir en plastique de 5Lt. Plateau avec bouchon \u00e0 vis pour un remplissage plus facile et poign\u00e9e permettant \u00e9galement une utilisation suspendue. Produit fabriqu\u00e9 en Italie fabriqu\u00e9 par Contro Fratelli.","robots":{"index":"index","follow":"follow","max-snippet":"max-snippet:-1","max-image-preview":"max-image-preview:large","max-video-preview":"max-video-preview:-1"},"canonical":"https:\/\/contro.it\/fr\/prodotto\/antar-2\/","og_locale":"fr_FR","og_type":"article","og_title":"Antar: Abreuvoir en Plastique 5L avec Couvercle aviculture","og_description":"L'Antar est un abreuvoir en plastique de 5Lt. Plateau avec bouchon \u00e0 vis pour un remplissage plus facile et poign\u00e9e permettant \u00e9galement une utilisation suspendue. Produit fabriqu\u00e9 en Italie fabriqu\u00e9 par Contro Fratelli.","og_url":"https:\/\/contro.it\/fr\/prodotto\/antar-2\/","og_site_name":"Contro Fratelli srl","article_publisher":"https:\/\/www.facebook.com\/controfratellisrl","og_image":[{"width":1000,"height":1000,"url":"https:\/\/contro.it\/wp-content\/uploads\/2023\/06\/002.14T.png","type":"image\/png"}],"twitter_card":"summary_large_image","schema":{"@context":"https:\/\/schema.org","@graph":[{"@type":"WebPage","@id":"https:\/\/contro.it\/fr\/prodotto\/antar-2\/","url":"https:\/\/contro.it\/fr\/prodotto\/antar-2\/","name":"Antar: Abreuvoir en Plastique 5L avec Couvercle aviculture","isPartOf":{"@id":"https:\/\/contro.it\/fr\/#website"},"primaryImageOfPage":{"@id":"https:\/\/contro.it\/fr\/prodotto\/antar-2\/#primaryimage"},"image":{"@id":"https:\/\/contro.it\/fr\/prodotto\/antar-2\/#primaryimage"},"thumbnailUrl":"https:\/\/contro.it\/wp-content\/uploads\/2023\/06\/002.14T.png","datePublished":"2023-06-06T09:12:31+00:00","description":"L'Antar est un abreuvoir en plastique de 5Lt. Plateau avec bouchon \u00e0 vis pour un remplissage plus facile et poign\u00e9e permettant \u00e9galement une utilisation suspendue. Produit fabriqu\u00e9 en Italie fabriqu\u00e9 par Contro Fratelli.","breadcrumb":{"@id":"https:\/\/contro.it\/fr\/prodotto\/antar-2\/#breadcrumb"},"inLanguage":"fr-FR","potentialAction":[{"@type":"ReadAction","target":["https:\/\/contro.it\/fr\/prodotto\/antar-2\/"]}]},{"@type":"ImageObject","inLanguage":"fr-FR","@id":"https:\/\/contro.it\/fr\/prodotto\/antar-2\/#primaryimage","url":"https:\/\/contro.it\/wp-content\/uploads\/2023\/06\/002.14T.png","contentUrl":"https:\/\/contro.it\/wp-content\/uploads\/2023\/06\/002.14T.png","width":1000,"height":1000,"caption":"Antar"},{"@type":"BreadcrumbList","@id":"https:\/\/contro.it\/fr\/prodotto\/antar-2\/#breadcrumb","itemListElement":[{"@type":"ListItem","position":1,"name":"Home","item":"https:\/\/contro.it\/fr\/"},{"@type":"ListItem","position":2,"name":"Produits","item":"https:\/\/contro.it\/fr\/shop\/"},{"@type":"ListItem","position":3,"name":"Antar"}]},{"@type":"WebSite","@id":"https:\/\/contro.it\/fr\/#website","url":"https:\/\/contro.it\/fr\/","name":"Contro Fratelli srl","description":"Prodotti per l' allevamento avicolo, cunicolo e animali da compagnia","publisher":{"@id":"https:\/\/contro.it\/fr\/#organization"},"potentialAction":[{"@type":"SearchAction","target":{"@type":"EntryPoint","urlTemplate":"https:\/\/contro.it\/fr\/?s={search_term_string}"},"query-input":{"@type":"PropertyValueSpecification","valueRequired":true,"valueName":"search_term_string"}}],"inLanguage":"fr-FR"},{"@type":"Organization","@id":"https:\/\/contro.it\/fr\/#organization","name":"Contro Fratelli srl","url":"https:\/\/contro.it\/fr\/","logo":{"@type":"ImageObject","inLanguage":"fr-FR","@id":"https:\/\/contro.it\/fr\/#\/schema\/logo\/image\/","url":"https:\/\/contro.it\/wp-content\/uploads\/2019\/02\/Logo-Contro-Fratelli.png","contentUrl":"https:\/\/contro.it\/wp-content\/uploads\/2019\/02\/Logo-Contro-Fratelli.png","width":281,"height":49,"caption":"Contro Fratelli srl"},"image":{"@id":"https:\/\/contro.it\/fr\/#\/schema\/logo\/image\/"},"sameAs":["https:\/\/www.facebook.com\/controfratellisrl","https:\/\/www.linkedin.com\/company\/contro-fratelli-s.r.l.\/about\/"]}]}},"_links":{"self":[{"href":"https:\/\/contro.it\/fr\/wp-json\/wp\/v2\/product\/15168","targetHints":{"allow":["GET"]}}],"collection":[{"href":"https:\/\/contro.it\/fr\/wp-json\/wp\/v2\/product"}],"about":[{"href":"https:\/\/contro.it\/fr\/wp-json\/wp\/v2\/types\/product"}],"replies":[{"embeddable":true,"href":"https:\/\/contro.it\/fr\/wp-json\/wp\/v2\/comments?post=15168"}],"wp:featuredmedia":[{"embeddable":true,"href":"https:\/\/contro.it\/fr\/wp-json\/wp\/v2\/media\/13257"}],"wp:attachment":[{"href":"https:\/\/contro.it\/fr\/wp-json\/wp\/v2\/media?parent=15168"}],"wp:term":[{"taxonomy":"product_brand","embeddable":true,"href":"https:\/\/contro.it\/fr\/wp-json\/wp\/v2\/product_brand?post=15168"},{"taxonomy":"product_cat","embeddable":true,"href":"https:\/\/contro.it\/fr\/wp-json\/wp\/v2\/product_cat?post=15168"},{"taxonomy":"product_tag","embeddable":true,"href":"https:\/\/contro.it\/fr\/wp-json\/wp\/v2\/product_tag?post=15168"},{"taxonomy":"zone","embeddable":true,"href":"https:\/\/contro.it\/fr\/wp-json\/wp\/v2\/zone?post=15168"}],"curies":[{"name":"wp","href":"https:\/\/api.w.org\/{rel}","templated":true}]}}